{"id":1439,"date":"2020-09-04T15:14:32","date_gmt":"2020-09-04T13:14:32","guid":{"rendered":"https:\/\/www.klima-allianz.ch\/?page_id=1439"},"modified":"2026-05-07T09:44:09","modified_gmt":"2026-05-07T07:44:09","slug":"rating-climatique-placements-mobiliers","status":"publish","type":"page","link":"https:\/\/www.klima-allianz.ch\/fr\/rating-climatique-placements-mobiliers\/","title":{"rendered":"Rating climatique Placements mobiliers"},"content":{"rendered":"<p>Pour limiter le r\u00e9chauffement climatique \u00e0 1,5\u00b0C, une r\u00e9duction massive des flux de capitaux destin\u00e9s aux \u00e9nergies fossiles sera n\u00e9cessaire dans les ann\u00e9es \u00e0 venir. De plus, les investissements fossiles repr\u00e9sentent un risque non seulement pour le climat, mais aussi pour les retraites. Les institutions de pr\u00e9voyance mettent en danger le capital des assur\u00e9s : le d\u00e9clin \u00e9conomique des industries du charbon, du p\u00e9trole et du gaz fait fondre les capitaux-\u00e9pargne.<\/p>\n<p>&nbsp;<\/p>\n<p>Toutes les institutions de pr\u00e9voyance, y compris le fonds AVS et la Suva,\u00a0doivent r\u00e9orienter leurs titres du non durable vers le vert. La d\u00e9carbonisation cr\u00e9e de l&rsquo;espace pour l&rsquo;essor des \u00e9nergies renouvelables. Dans cette optique, l&rsquo;Alliance climatique \u00e9value dans quelle mesure la caisse de pension a d\u00e9j\u00e0 r\u00e9duit les \u00e9missions de gaz \u00e0 effet de serre qu&rsquo;elle finance. Plus de 110 institutions sont couvertes, ce qui repr\u00e9sente plus de 80% du volume total d&rsquo;investissement sup\u00e9rieur \u00e0 1000 milliards.<\/p>\n","protected":false},"excerpt":{"rendered":"<p>Pour limiter le r\u00e9chauffement climatique \u00e0 1,5\u00b0C, une r\u00e9duction massive des flux de capitaux destin\u00e9s aux \u00e9nergies fossiles sera n\u00e9cessaire dans les ann\u00e9es \u00e0 venir. De plus, les investissements fossiles repr\u00e9sentent un risque non seulement pour le climat, mais aussi pour les retraites. Les institutions de pr\u00e9voyance mettent en danger le capital des assur\u00e9s : &hellip; <a href=\"https:\/\/www.klima-allianz.ch\/fr\/rating-climatique-placements-mobiliers\/\">Continued<\/a><\/p>\n","protected":false},"author":1,"featured_media":0,"parent":0,"menu_order":28,"comment_status":"closed","ping_status":"closed","template":"views\/template-rating.blade.php","meta":{"_acf_changed":false,"footnotes":""},"class_list":["post-1439","page","type-page","status-publish","hentry"],"better_featured_image":null,"acf":{"textblocke_einleitung":[{"text":"Pour limiter le r\u00e9chauffement climatique \u00e0 1,5\u00b0C, les caisses de pension, les assurances et gestionnaires de fortune doivent amener les entreprises \u00e0 la publication d'objectifs z\u00e9ro net bas\u00e9s sur la science associ\u00e9s \u00e0 des plans de d\u00e9carbonisation cr\u00e9dibles, tout en r\u00e9duisant fortement leurs investissements dans les \u00e9nergies fossiles et les soci\u00e9t\u00e9s d\u00e9pendantes du fossile. Ceci est \u00e9galement important car le d\u00e9clin \u00e9conomique de l'\u00e9conomie fossile est in\u00e9vitable. Le risque d'investissement dans le charbon, le p\u00e9trole, le gaz fossile et les industries qui en d\u00e9pendent augmente et fait fondre les capitaux-\u00e9pargne. Les investissements dans les \u00e9nergies fossiles ne sont donc pas seulement un risque pour le climat, mais aussi pour les retraites.\r\n\r\nToutes les institutions de pr\u00e9voyance, caisses de pension, assurances avec pr\u00e9voyance professionnelle, ainsi que la Suva, le fonds AVS compenswiss et le fonds de d\u00e9sarmement nucl\u00e9aire STENFO,\u00a0doivent r\u00e9orienter leurs investissements mobiliers sur une trajectoire qui conduit \u00e0 une augmentation durable des entreprises vertes et respectueuses du climat. Combin\u00e9e \u00e0 la prise d'influence sur les entreprises encore d\u00e9pendantes du fossile, mais qui devraient \u00eatre vecteurs de la transition climatique, ainsi qu'avec des \u00abimpact generating investments\u00bb cibl\u00e9s dans des soci\u00e9t\u00e9s et des infrastructures proposant des solutions vertes, cette strat\u00e9gie de d\u00e9carbonisation r\u00e9alise le tournant climatique vers une \u00e9conomie mondiale verte et les \u00e9nergies renouvelables.\u00a0"},{"text":"L'Alliance climatique \u00e9value dans quelle mesure les institutions de pr\u00e9voyance sont sur la bonne voie pour atteindre un objectif net z\u00e9ro pas beaucoup plus tard que 2040. Environ 420 investisseurs institutionnels  sont couverts, qui, selon nos estimations, repr\u00e9sentent 90% du volume total des placements, soit \u00e0 peu pr\u00e8s 1400 milliards. Sur ce total, plus de 220 sont des caisses de pension d'entreprises priv\u00e9es qui manquent de transparence, n'ont pas de pr\u00e9sence web et restent \u00e9galement inactives suite \u00e0 nos demandes de communication d'informations pertinentes. La part restante est r\u00e9partie sur plus de 800 autres caisses de pension - pour la plupart non transparentes - d'entreprises priv\u00e9es. \r\n\r\nNous pr\u00e9sentons syst\u00e9matiquement et imm\u00e9diatement chaque \u00e9valuation initiale \u00e0 la caisse de pension concern\u00e9e pour qu'elle v\u00e9rifie les faits et qu'elle nous informe des d\u00e9veloppements vers la durabilit\u00e9. A d\u00e9faut de r\u00e9action, nous consid\u00e9rons que la caisse en a pris connaissance. Nos enregistrements refl\u00e8tent donc l'\u00e9tat des connaissances. Il est donc raisonnable de consid\u00e9rer que la tr\u00e8s grande majorit\u00e9 des capitaux-\u00e9pargne que nous avons class\u00e9s \u00abdans l'obscurit\u00e9\u00bb sont encore investis de mani\u00e8re conventionnelle et donc n\u00e9faste au climat. \r\n"}],"bildlegende_tortendiagramm":"Le diagramme montre si les institutions de pr\u00e9voyance investissent actuellement, avec leurs placements mobiliers, dans le respect du climat (pond\u00e9r\u00e9 par le volume total d'investissement, toutes cat\u00e9gories de placement comprises). Pour les investissements immobiliers, veuillez consulter le Rating immobilier.","statusinformation":"Situation : 7 mai 2026 (date de la derni\u00e8re actualisation partielle).  Contactez-nous pour obtenir la confirmation de l'\u00e9tat quotidien des caisses de pension individuelles.  Contact: sandro.leuenberger@klima-allianz.ch\r\n\r\nCeci est la nouvelle \u00e9dition 2020-2026 \u00e9tendue du rating 2017-2019, publi\u00e9e pour la premi\u00e8re fois le 1er novembre 2020 et transpos\u00e9 depuis le 31 janvier 2022 sur les nouveaux crit\u00e8res 2022-2026, qui tiennent compte de la rigueur accrue n\u00e9cessaire pour atteindre les objectifs climatiques de l'Accord de Paris. Depuis la mi-2021, le rating inclut toutes les institutions de pr\u00e9voyance, y compris les caisses de pension non transparentes d'entreprises priv\u00e9es. Les notations sont bas\u00e9es sur des enqu\u00eates proactives et des clarifications d\u00e9taill\u00e9es avec les caisses de pension \u00e9valu\u00e9es, sachant que nous consid\u00e9rons qu'une absence de r\u00e9action vaut comme un accord et une prise de connaissance. Dans le cas des caisses de pension non transparentes, nous avons du estimer le volume des placements de mani\u00e8re tr\u00e8s approximative. Nous actualisons le rating dans la mesure du possible et selon des crit\u00e8res de pertinence afin de refl\u00e9ter l'\u00e9volution des institutions de pr\u00e9voyance. En cas de besoin, nous ajoutons d'autres institutions. Nous nous r\u00e9jouissons surtout lorsque les caisses de pension nous contactent de mani\u00e8re proactive.","pdf_download":14825},"yoast_head":"<!-- This site is optimized with the Yoast SEO plugin v27.6 - https:\/\/yoast.com\/product\/yoast-seo-wordpress\/ -->\n<title>Rating climatique Placements mobiliers &#8226; Alliance Climatique<\/title>\n<meta name=\"robots\" content=\"index, follow, max-snippet:-1, max-image-preview:large, max-video-preview:-1\" \/>\n<link rel=\"canonical\" href=\"https:\/\/www.klima-allianz.ch\/fr\/rating-climatique-placements-mobiliers\/\" \/>\n<meta property=\"og:locale\" content=\"fr_FR\" \/>\n<meta property=\"og:type\" content=\"article\" \/>\n<meta property=\"og:title\" content=\"Rating climatique Placements mobiliers &#8226; Alliance Climatique\" \/>\n<meta property=\"og:description\" content=\"Pour limiter le r\u00e9chauffement climatique \u00e0 1,5\u00b0C, une r\u00e9duction massive des flux de capitaux destin\u00e9s aux \u00e9nergies fossiles sera n\u00e9cessaire dans les ann\u00e9es \u00e0 venir. De plus, les investissements fossiles repr\u00e9sentent un risque non seulement pour le climat, mais aussi pour les retraites. Les institutions de pr\u00e9voyance mettent en danger le capital des assur\u00e9s : &hellip; Continued\" \/>\n<meta property=\"og:url\" content=\"https:\/\/www.klima-allianz.ch\/fr\/rating-climatique-placements-mobiliers\/\" \/>\n<meta property=\"og:site_name\" content=\"Alliance Climatique\" \/>\n<meta property=\"article:modified_time\" content=\"2026-05-07T07:44:09+00:00\" \/>\n<meta property=\"og:image\" content=\"https:\/\/www.klima-allianz.ch\/wp-content\/uploads\/Klima-Rating-10.23-Fr.png\" \/>\n\t<meta property=\"og:image:width\" content=\"753\" \/>\n\t<meta property=\"og:image:height\" content=\"625\" \/>\n\t<meta property=\"og:image:type\" content=\"image\/png\" \/>\n<meta name=\"twitter:card\" content=\"summary_large_image\" \/>\n<meta name=\"twitter:image\" content=\"https:\/\/www.klima-allianz.ch\/wp-content\/uploads\/Klima-Rating-10.23-Fr.png\" \/>\n<meta name=\"twitter:label1\" content=\"Dur\u00e9e de lecture estim\u00e9e\" \/>\n\t<meta name=\"twitter:data1\" content=\"1 minute\" \/>\n<script type=\"application\/ld+json\" class=\"yoast-schema-graph\">{\"@context\":\"https:\\\/\\\/schema.org\",\"@graph\":[{\"@type\":\"WebPage\",\"@id\":\"https:\\\/\\\/www.klima-allianz.ch\\\/fr\\\/rating-climatique-placements-mobiliers\\\/\",\"url\":\"https:\\\/\\\/www.klima-allianz.ch\\\/fr\\\/rating-climatique-placements-mobiliers\\\/\",\"name\":\"Rating climatique Placements mobiliers &#8226; Alliance Climatique\",\"isPartOf\":{\"@id\":\"https:\\\/\\\/www.klima-allianz.ch\\\/fr\\\/#website\"},\"datePublished\":\"2020-09-04T13:14:32+00:00\",\"dateModified\":\"2026-05-07T07:44:09+00:00\",\"breadcrumb\":{\"@id\":\"https:\\\/\\\/www.klima-allianz.ch\\\/fr\\\/rating-climatique-placements-mobiliers\\\/#breadcrumb\"},\"inLanguage\":\"fr-FR\",\"potentialAction\":[{\"@type\":\"ReadAction\",\"target\":[\"https:\\\/\\\/www.klima-allianz.ch\\\/fr\\\/rating-climatique-placements-mobiliers\\\/\"]}]},{\"@type\":\"BreadcrumbList\",\"@id\":\"https:\\\/\\\/www.klima-allianz.ch\\\/fr\\\/rating-climatique-placements-mobiliers\\\/#breadcrumb\",\"itemListElement\":[{\"@type\":\"ListItem\",\"position\":1,\"name\":\"Home\",\"item\":\"https:\\\/\\\/www.klima-allianz.ch\\\/fr\\\/\"},{\"@type\":\"ListItem\",\"position\":2,\"name\":\"Rating climatique Placements mobiliers\"}]},{\"@type\":\"WebSite\",\"@id\":\"https:\\\/\\\/www.klima-allianz.ch\\\/fr\\\/#website\",\"url\":\"https:\\\/\\\/www.klima-allianz.ch\\\/fr\\\/\",\"name\":\"Alliance Climatique\",\"description\":\"\",\"publisher\":{\"@id\":\"https:\\\/\\\/www.klima-allianz.ch\\\/fr\\\/#organization\"},\"potentialAction\":[{\"@type\":\"SearchAction\",\"target\":{\"@type\":\"EntryPoint\",\"urlTemplate\":\"https:\\\/\\\/www.klima-allianz.ch\\\/fr\\\/?s={search_term_string}\"},\"query-input\":{\"@type\":\"PropertyValueSpecification\",\"valueRequired\":true,\"valueName\":\"search_term_string\"}}],\"inLanguage\":\"fr-FR\"},{\"@type\":\"Organization\",\"@id\":\"https:\\\/\\\/www.klima-allianz.ch\\\/fr\\\/#organization\",\"name\":\"Klima-Allianz\",\"url\":\"https:\\\/\\\/www.klima-allianz.ch\\\/fr\\\/\",\"logo\":{\"@type\":\"ImageObject\",\"inLanguage\":\"fr-FR\",\"@id\":\"https:\\\/\\\/www.klima-allianz.ch\\\/fr\\\/#\\\/schema\\\/logo\\\/image\\\/\",\"url\":\"https:\\\/\\\/www.klima-allianz.ch\\\/wp-content\\\/uploads\\\/KA-Favicon-Kreis-1.png\",\"contentUrl\":\"https:\\\/\\\/www.klima-allianz.ch\\\/wp-content\\\/uploads\\\/KA-Favicon-Kreis-1.png\",\"width\":512,\"height\":512,\"caption\":\"Klima-Allianz\"},\"image\":{\"@id\":\"https:\\\/\\\/www.klima-allianz.ch\\\/fr\\\/#\\\/schema\\\/logo\\\/image\\\/\"}}]}<\/script>\n<!-- \/ Yoast SEO plugin. -->","yoast_head_json":{"title":"Rating climatique Placements mobiliers &#8226; Alliance Climatique","robots":{"index":"index","follow":"follow","max-snippet":"max-snippet:-1","max-image-preview":"max-image-preview:large","max-video-preview":"max-video-preview:-1"},"canonical":"https:\/\/www.klima-allianz.ch\/fr\/rating-climatique-placements-mobiliers\/","og_locale":"fr_FR","og_type":"article","og_title":"Rating climatique Placements mobiliers &#8226; Alliance Climatique","og_description":"Pour limiter le r\u00e9chauffement climatique \u00e0 1,5\u00b0C, une r\u00e9duction massive des flux de capitaux destin\u00e9s aux \u00e9nergies fossiles sera n\u00e9cessaire dans les ann\u00e9es \u00e0 venir. De plus, les investissements fossiles repr\u00e9sentent un risque non seulement pour le climat, mais aussi pour les retraites. Les institutions de pr\u00e9voyance mettent en danger le capital des assur\u00e9s : &hellip; Continued","og_url":"https:\/\/www.klima-allianz.ch\/fr\/rating-climatique-placements-mobiliers\/","og_site_name":"Alliance Climatique","article_modified_time":"2026-05-07T07:44:09+00:00","og_image":[{"width":753,"height":625,"url":"https:\/\/www.klima-allianz.ch\/wp-content\/uploads\/Klima-Rating-10.23-Fr.png","type":"image\/png"}],"twitter_card":"summary_large_image","twitter_image":"https:\/\/www.klima-allianz.ch\/wp-content\/uploads\/Klima-Rating-10.23-Fr.png","twitter_misc":{"Dur\u00e9e de lecture estim\u00e9e":"1 minute"},"schema":{"@context":"https:\/\/schema.org","@graph":[{"@type":"WebPage","@id":"https:\/\/www.klima-allianz.ch\/fr\/rating-climatique-placements-mobiliers\/","url":"https:\/\/www.klima-allianz.ch\/fr\/rating-climatique-placements-mobiliers\/","name":"Rating climatique Placements mobiliers &#8226; Alliance Climatique","isPartOf":{"@id":"https:\/\/www.klima-allianz.ch\/fr\/#website"},"datePublished":"2020-09-04T13:14:32+00:00","dateModified":"2026-05-07T07:44:09+00:00","breadcrumb":{"@id":"https:\/\/www.klima-allianz.ch\/fr\/rating-climatique-placements-mobiliers\/#breadcrumb"},"inLanguage":"fr-FR","potentialAction":[{"@type":"ReadAction","target":["https:\/\/www.klima-allianz.ch\/fr\/rating-climatique-placements-mobiliers\/"]}]},{"@type":"BreadcrumbList","@id":"https:\/\/www.klima-allianz.ch\/fr\/rating-climatique-placements-mobiliers\/#breadcrumb","itemListElement":[{"@type":"ListItem","position":1,"name":"Home","item":"https:\/\/www.klima-allianz.ch\/fr\/"},{"@type":"ListItem","position":2,"name":"Rating climatique Placements mobiliers"}]},{"@type":"WebSite","@id":"https:\/\/www.klima-allianz.ch\/fr\/#website","url":"https:\/\/www.klima-allianz.ch\/fr\/","name":"Alliance Climatique","description":"","publisher":{"@id":"https:\/\/www.klima-allianz.ch\/fr\/#organization"},"potentialAction":[{"@type":"SearchAction","target":{"@type":"EntryPoint","urlTemplate":"https:\/\/www.klima-allianz.ch\/fr\/?s={search_term_string}"},"query-input":{"@type":"PropertyValueSpecification","valueRequired":true,"valueName":"search_term_string"}}],"inLanguage":"fr-FR"},{"@type":"Organization","@id":"https:\/\/www.klima-allianz.ch\/fr\/#organization","name":"Klima-Allianz","url":"https:\/\/www.klima-allianz.ch\/fr\/","logo":{"@type":"ImageObject","inLanguage":"fr-FR","@id":"https:\/\/www.klima-allianz.ch\/fr\/#\/schema\/logo\/image\/","url":"https:\/\/www.klima-allianz.ch\/wp-content\/uploads\/KA-Favicon-Kreis-1.png","contentUrl":"https:\/\/www.klima-allianz.ch\/wp-content\/uploads\/KA-Favicon-Kreis-1.png","width":512,"height":512,"caption":"Klima-Allianz"},"image":{"@id":"https:\/\/www.klima-allianz.ch\/fr\/#\/schema\/logo\/image\/"}}]}},"_links":{"self":[{"href":"https:\/\/www.klima-allianz.ch\/fr\/wp-json\/wp\/v2\/pages\/1439","targetHints":{"allow":["GET"]}}],"collection":[{"href":"https:\/\/www.klima-allianz.ch\/fr\/wp-json\/wp\/v2\/pages"}],"about":[{"href":"https:\/\/www.klima-allianz.ch\/fr\/wp-json\/wp\/v2\/types\/page"}],"author":[{"embeddable":true,"href":"https:\/\/www.klima-allianz.ch\/fr\/wp-json\/wp\/v2\/users\/1"}],"replies":[{"embeddable":true,"href":"https:\/\/www.klima-allianz.ch\/fr\/wp-json\/wp\/v2\/comments?post=1439"}],"version-history":[{"count":134,"href":"https:\/\/www.klima-allianz.ch\/fr\/wp-json\/wp\/v2\/pages\/1439\/revisions"}],"predecessor-version":[{"id":14827,"href":"https:\/\/www.klima-allianz.ch\/fr\/wp-json\/wp\/v2\/pages\/1439\/revisions\/14827"}],"wp:attachment":[{"href":"https:\/\/www.klima-allianz.ch\/fr\/wp-json\/wp\/v2\/media?parent=1439"}],"curies":[{"name":"wp","href":"https:\/\/api.w.org\/{rel}","templated":true}]}}