{"id":3373,"date":"2020-10-17T06:16:38","date_gmt":"2020-10-17T04:16:38","guid":{"rendered":"https:\/\/www.klima-allianz.ch\/rating-climatique\/articles\/"},"modified":"2026-04-30T11:00:32","modified_gmt":"2026-04-30T09:00:32","slug":"plus","status":"publish","type":"page","link":"https:\/\/www.klima-allianz.ch\/fr\/rating-climatique-placements-mobiliers\/plus\/","title":{"rendered":"Recommandations, ressources"},"content":{"rendered":"<p>Vous trouverez dans les documents suivants des recommandations et des ressources destin\u00e9es aux caisses de pension, aux personnes assur\u00e9es et \u00e0 tous les citoyens et citoyennes pour exercer votre influence :<\/p>\n<ul>\n<li><span style=\"text-decoration: underline\">Liste de fonds de march\u00e9 ou de mandats durables et respectueux du climat par des gestionnaires de fortune performants<\/span> : couvre les actions, les obligations, les placements alternatifs ainsi que l&rsquo;\u00abimpact generating investing\u00bb centr\u00e9 sur les effects positifs, et \u00e9value leurs Asset Managers (banques, autres instituts financiers). Cet outil est \u00e9galement d&rsquo;un grand int\u00e9r\u00eat pour <u>les particuliers<\/u>, car de nombreux fonds r\u00e9pertori\u00e9s sont propos\u00e9s \u00e0 tous les clients des banques et des gestionnaires de fortune. <u>N&rsquo;h\u00e9sitez pas \u00e0 le montrer \u00e0 votre conseiller<\/u> et \u00e0 pr\u00e9ciser vos attentes.<\/li>\n<li>Liste des plus de 260 caisses de pension pr\u00e9sum\u00e9es \u00abESG Beginners\u00bb que nous approchons dans le cadre de notre campagne d&rsquo;information pour les investissements durables.<\/li>\n<li>Lettre d&rsquo;information \u00abESG et climat &#8211; votre gestion du risque et de l&rsquo;impact dans le placement de fortune\u00bb adress\u00e9e aux membres du conseil de fondation des \u00abESG Beginners\u00bb pr\u00e9sum\u00e9s, envoy\u00e9e le 1er octobre 2024.<\/li>\n<li><span style=\"text-decoration: underline\">Tableau synoptique de toutes les caisses de pension avec l&rsquo;\u00e9volution de leur compatibilit\u00e9 climatique, qui pr\u00e9sente \u00e9galement la part des institutions de pr\u00e9voyance ayant un potentiel de reclassement<\/span> et les identifie.<\/li>\n<li>Rapports p\u00e9riodiques de l&rsquo;Alliance climatique sur les progr\u00e8s r\u00e9alis\u00e9s par les caisses de pension.<\/li>\n<li>Caisses de pension : Comment notre argent peut avoir un impact positif &#8211; Une introduction en 5 minutes (anglais).<\/li>\n<li><span style=\"text-decoration: underline\">La voie vers une caisse de pension visionnaire<\/span> (en allemand)<\/li>\n<li>Pourquoi la combinaison de la prise d&rsquo;influence comme actionnaire et du d\u00e9sinvestissement est effective.<\/li>\n<li>Quelles sont les d\u00e9marches efficaces pour atteindre la compatibilit\u00e9 climatique avec le z\u00e9ro net pas beaucoup plus tard que 2040 ?<\/li>\n<li>Les placements financiers durables et climato-compatibles prot\u00e8gent \u00e0 la fois le climat et notre pr\u00e9voyance.<\/li>\n<li>Le devoir de diligence fiduciaire a un impact climatique.<\/li>\n<\/ul>\n","protected":false},"excerpt":{"rendered":"<p>Vous trouverez dans les documents suivants des recommandations et des ressources destin\u00e9es aux caisses de pension, aux personnes assur\u00e9es et \u00e0 tous les citoyens et citoyennes pour exercer votre influence : Liste de fonds de march\u00e9 ou de mandats durables et respectueux du climat par des gestionnaires de fortune performants : couvre les actions, les &hellip; <a href=\"https:\/\/www.klima-allianz.ch\/fr\/rating-climatique-placements-mobiliers\/plus\/\">Continued<\/a><\/p>\n","protected":false},"author":3,"featured_media":0,"parent":1439,"menu_order":2,"comment_status":"closed","ping_status":"closed","template":"views\/template-rating-uber.blade.php","meta":{"_acf_changed":false,"footnotes":""},"class_list":["post-3373","page","type-page","status-publish","hentry"],"better_featured_image":null,"acf":{"downloads":[11356,14709,14527,11332,13793,14001,11312,10974,13366,12466,11748,10296,9650,9073,9019,8120,7554,7581,6087,5270,3110,13092,3122,9318,3091,11676,5095]},"yoast_head":"<!-- This site is optimized with the Yoast SEO plugin v27.5 - https:\/\/yoast.com\/product\/yoast-seo-wordpress\/ -->\n<title>Recommandations, ressources &#8226; Alliance Climatique<\/title>\n<meta name=\"robots\" content=\"index, follow, max-snippet:-1, max-image-preview:large, max-video-preview:-1\" \/>\n<link rel=\"canonical\" href=\"https:\/\/www.klima-allianz.ch\/fr\/rating-climatique-placements-mobiliers\/plus\/\" \/>\n<meta property=\"og:locale\" content=\"fr_FR\" \/>\n<meta property=\"og:type\" content=\"article\" \/>\n<meta property=\"og:title\" content=\"Recommandations, ressources &#8226; Alliance Climatique\" \/>\n<meta property=\"og:description\" content=\"Vous trouverez dans les documents suivants des recommandations et des ressources destin\u00e9es aux caisses de pension, aux personnes assur\u00e9es et \u00e0 tous les citoyens et citoyennes pour exercer votre influence : Liste de fonds de march\u00e9 ou de mandats durables et respectueux du climat par des gestionnaires de fortune performants : couvre les actions, les &hellip; Continued\" \/>\n<meta property=\"og:url\" content=\"https:\/\/www.klima-allianz.ch\/fr\/rating-climatique-placements-mobiliers\/plus\/\" \/>\n<meta property=\"og:site_name\" content=\"Alliance Climatique\" \/>\n<meta property=\"article:modified_time\" content=\"2026-04-30T09:00:32+00:00\" \/>\n<meta name=\"twitter:card\" content=\"summary_large_image\" \/>\n<meta name=\"twitter:label1\" content=\"Dur\u00e9e de lecture estim\u00e9e\" \/>\n\t<meta name=\"twitter:data1\" content=\"2 minutes\" \/>\n<script type=\"application\/ld+json\" class=\"yoast-schema-graph\">{\"@context\":\"https:\\\/\\\/schema.org\",\"@graph\":[{\"@type\":\"WebPage\",\"@id\":\"https:\\\/\\\/www.klima-allianz.ch\\\/fr\\\/rating-climatique-placements-mobiliers\\\/plus\\\/\",\"url\":\"https:\\\/\\\/www.klima-allianz.ch\\\/fr\\\/rating-climatique-placements-mobiliers\\\/plus\\\/\",\"name\":\"Recommandations, ressources &#8226; Alliance Climatique\",\"isPartOf\":{\"@id\":\"https:\\\/\\\/www.klima-allianz.ch\\\/fr\\\/#website\"},\"datePublished\":\"2020-10-17T04:16:38+00:00\",\"dateModified\":\"2026-04-30T09:00:32+00:00\",\"breadcrumb\":{\"@id\":\"https:\\\/\\\/www.klima-allianz.ch\\\/fr\\\/rating-climatique-placements-mobiliers\\\/plus\\\/#breadcrumb\"},\"inLanguage\":\"fr-FR\",\"potentialAction\":[{\"@type\":\"ReadAction\",\"target\":[\"https:\\\/\\\/www.klima-allianz.ch\\\/fr\\\/rating-climatique-placements-mobiliers\\\/plus\\\/\"]}]},{\"@type\":\"BreadcrumbList\",\"@id\":\"https:\\\/\\\/www.klima-allianz.ch\\\/fr\\\/rating-climatique-placements-mobiliers\\\/plus\\\/#breadcrumb\",\"itemListElement\":[{\"@type\":\"ListItem\",\"position\":1,\"name\":\"Home\",\"item\":\"https:\\\/\\\/www.klima-allianz.ch\\\/fr\\\/\"},{\"@type\":\"ListItem\",\"position\":2,\"name\":\"Rating climatique Placements mobiliers\",\"item\":\"https:\\\/\\\/www.klima-allianz.ch\\\/fr\\\/rating-climatique-placements-mobiliers\\\/\"},{\"@type\":\"ListItem\",\"position\":3,\"name\":\"Recommandations, ressources\"}]},{\"@type\":\"WebSite\",\"@id\":\"https:\\\/\\\/www.klima-allianz.ch\\\/fr\\\/#website\",\"url\":\"https:\\\/\\\/www.klima-allianz.ch\\\/fr\\\/\",\"name\":\"Alliance Climatique\",\"description\":\"\",\"publisher\":{\"@id\":\"https:\\\/\\\/www.klima-allianz.ch\\\/fr\\\/#organization\"},\"potentialAction\":[{\"@type\":\"SearchAction\",\"target\":{\"@type\":\"EntryPoint\",\"urlTemplate\":\"https:\\\/\\\/www.klima-allianz.ch\\\/fr\\\/?s={search_term_string}\"},\"query-input\":{\"@type\":\"PropertyValueSpecification\",\"valueRequired\":true,\"valueName\":\"search_term_string\"}}],\"inLanguage\":\"fr-FR\"},{\"@type\":\"Organization\",\"@id\":\"https:\\\/\\\/www.klima-allianz.ch\\\/fr\\\/#organization\",\"name\":\"Klima-Allianz\",\"url\":\"https:\\\/\\\/www.klima-allianz.ch\\\/fr\\\/\",\"logo\":{\"@type\":\"ImageObject\",\"inLanguage\":\"fr-FR\",\"@id\":\"https:\\\/\\\/www.klima-allianz.ch\\\/fr\\\/#\\\/schema\\\/logo\\\/image\\\/\",\"url\":\"https:\\\/\\\/www.klima-allianz.ch\\\/wp-content\\\/uploads\\\/KA-Favicon-Kreis-1.png\",\"contentUrl\":\"https:\\\/\\\/www.klima-allianz.ch\\\/wp-content\\\/uploads\\\/KA-Favicon-Kreis-1.png\",\"width\":512,\"height\":512,\"caption\":\"Klima-Allianz\"},\"image\":{\"@id\":\"https:\\\/\\\/www.klima-allianz.ch\\\/fr\\\/#\\\/schema\\\/logo\\\/image\\\/\"}}]}<\/script>\n<!-- \/ Yoast SEO plugin. -->","yoast_head_json":{"title":"Recommandations, ressources &#8226; Alliance Climatique","robots":{"index":"index","follow":"follow","max-snippet":"max-snippet:-1","max-image-preview":"max-image-preview:large","max-video-preview":"max-video-preview:-1"},"canonical":"https:\/\/www.klima-allianz.ch\/fr\/rating-climatique-placements-mobiliers\/plus\/","og_locale":"fr_FR","og_type":"article","og_title":"Recommandations, ressources &#8226; Alliance Climatique","og_description":"Vous trouverez dans les documents suivants des recommandations et des ressources destin\u00e9es aux caisses de pension, aux personnes assur\u00e9es et \u00e0 tous les citoyens et citoyennes pour exercer votre influence : Liste de fonds de march\u00e9 ou de mandats durables et respectueux du climat par des gestionnaires de fortune performants : couvre les actions, les &hellip; Continued","og_url":"https:\/\/www.klima-allianz.ch\/fr\/rating-climatique-placements-mobiliers\/plus\/","og_site_name":"Alliance Climatique","article_modified_time":"2026-04-30T09:00:32+00:00","twitter_card":"summary_large_image","twitter_misc":{"Dur\u00e9e de lecture estim\u00e9e":"2 minutes"},"schema":{"@context":"https:\/\/schema.org","@graph":[{"@type":"WebPage","@id":"https:\/\/www.klima-allianz.ch\/fr\/rating-climatique-placements-mobiliers\/plus\/","url":"https:\/\/www.klima-allianz.ch\/fr\/rating-climatique-placements-mobiliers\/plus\/","name":"Recommandations, ressources &#8226; Alliance Climatique","isPartOf":{"@id":"https:\/\/www.klima-allianz.ch\/fr\/#website"},"datePublished":"2020-10-17T04:16:38+00:00","dateModified":"2026-04-30T09:00:32+00:00","breadcrumb":{"@id":"https:\/\/www.klima-allianz.ch\/fr\/rating-climatique-placements-mobiliers\/plus\/#breadcrumb"},"inLanguage":"fr-FR","potentialAction":[{"@type":"ReadAction","target":["https:\/\/www.klima-allianz.ch\/fr\/rating-climatique-placements-mobiliers\/plus\/"]}]},{"@type":"BreadcrumbList","@id":"https:\/\/www.klima-allianz.ch\/fr\/rating-climatique-placements-mobiliers\/plus\/#breadcrumb","itemListElement":[{"@type":"ListItem","position":1,"name":"Home","item":"https:\/\/www.klima-allianz.ch\/fr\/"},{"@type":"ListItem","position":2,"name":"Rating climatique Placements mobiliers","item":"https:\/\/www.klima-allianz.ch\/fr\/rating-climatique-placements-mobiliers\/"},{"@type":"ListItem","position":3,"name":"Recommandations, ressources"}]},{"@type":"WebSite","@id":"https:\/\/www.klima-allianz.ch\/fr\/#website","url":"https:\/\/www.klima-allianz.ch\/fr\/","name":"Alliance Climatique","description":"","publisher":{"@id":"https:\/\/www.klima-allianz.ch\/fr\/#organization"},"potentialAction":[{"@type":"SearchAction","target":{"@type":"EntryPoint","urlTemplate":"https:\/\/www.klima-allianz.ch\/fr\/?s={search_term_string}"},"query-input":{"@type":"PropertyValueSpecification","valueRequired":true,"valueName":"search_term_string"}}],"inLanguage":"fr-FR"},{"@type":"Organization","@id":"https:\/\/www.klima-allianz.ch\/fr\/#organization","name":"Klima-Allianz","url":"https:\/\/www.klima-allianz.ch\/fr\/","logo":{"@type":"ImageObject","inLanguage":"fr-FR","@id":"https:\/\/www.klima-allianz.ch\/fr\/#\/schema\/logo\/image\/","url":"https:\/\/www.klima-allianz.ch\/wp-content\/uploads\/KA-Favicon-Kreis-1.png","contentUrl":"https:\/\/www.klima-allianz.ch\/wp-content\/uploads\/KA-Favicon-Kreis-1.png","width":512,"height":512,"caption":"Klima-Allianz"},"image":{"@id":"https:\/\/www.klima-allianz.ch\/fr\/#\/schema\/logo\/image\/"}}]}},"_links":{"self":[{"href":"https:\/\/www.klima-allianz.ch\/fr\/wp-json\/wp\/v2\/pages\/3373","targetHints":{"allow":["GET"]}}],"collection":[{"href":"https:\/\/www.klima-allianz.ch\/fr\/wp-json\/wp\/v2\/pages"}],"about":[{"href":"https:\/\/www.klima-allianz.ch\/fr\/wp-json\/wp\/v2\/types\/page"}],"author":[{"embeddable":true,"href":"https:\/\/www.klima-allianz.ch\/fr\/wp-json\/wp\/v2\/users\/3"}],"replies":[{"embeddable":true,"href":"https:\/\/www.klima-allianz.ch\/fr\/wp-json\/wp\/v2\/comments?post=3373"}],"version-history":[{"count":127,"href":"https:\/\/www.klima-allianz.ch\/fr\/wp-json\/wp\/v2\/pages\/3373\/revisions"}],"predecessor-version":[{"id":14519,"href":"https:\/\/www.klima-allianz.ch\/fr\/wp-json\/wp\/v2\/pages\/3373\/revisions\/14519"}],"up":[{"embeddable":true,"href":"https:\/\/www.klima-allianz.ch\/fr\/wp-json\/wp\/v2\/pages\/1439"}],"acf:post":[{"embeddable":true,"href":"https:\/\/www.klima-allianz.ch\/fr\/wp-json\/wp\/v2\/dokumente\/5095"},{"embeddable":true,"href":"https:\/\/www.klima-allianz.ch\/fr\/wp-json\/wp\/v2\/dokumente\/11676"},{"embeddable":true,"href":"https:\/\/www.klima-allianz.ch\/fr\/wp-json\/wp\/v2\/dokumente\/3091"},{"embeddable":true,"href":"https:\/\/www.klima-allianz.ch\/fr\/wp-json\/wp\/v2\/dokumente\/9318"},{"embeddable":true,"href":"https:\/\/www.klima-allianz.ch\/fr\/wp-json\/wp\/v2\/dokumente\/3122"},{"embeddable":true,"href":"https:\/\/www.klima-allianz.ch\/fr\/wp-json\/wp\/v2\/dokumente\/13092"},{"embeddable":true,"href":"https:\/\/www.klima-allianz.ch\/fr\/wp-json\/wp\/v2\/dokumente\/3110"},{"embeddable":true,"href":"https:\/\/www.klima-allianz.ch\/fr\/wp-json\/wp\/v2\/dokumente\/5270"},{"embeddable":true,"href":"https:\/\/www.klima-allianz.ch\/fr\/wp-json\/wp\/v2\/dokumente\/6087"},{"embeddable":true,"href":"https:\/\/www.klima-allianz.ch\/fr\/wp-json\/wp\/v2\/dokumente\/7581"},{"embeddable":true,"href":"https:\/\/www.klima-allianz.ch\/fr\/wp-json\/wp\/v2\/dokumente\/7554"},{"embeddable":true,"href":"https:\/\/www.klima-allianz.ch\/fr\/wp-json\/wp\/v2\/dokumente\/8120"},{"embeddable":true,"href":"https:\/\/www.klima-allianz.ch\/fr\/wp-json\/wp\/v2\/dokumente\/9019"},{"embeddable":true,"href":"https:\/\/www.klima-allianz.ch\/fr\/wp-json\/wp\/v2\/dokumente\/9073"},{"embeddable":true,"href":"https:\/\/www.klima-allianz.ch\/fr\/wp-json\/wp\/v2\/dokumente\/9650"},{"embeddable":true,"href":"https:\/\/www.klima-allianz.ch\/fr\/wp-json\/wp\/v2\/dokumente\/10296"},{"embeddable":true,"href":"https:\/\/www.klima-allianz.ch\/fr\/wp-json\/wp\/v2\/dokumente\/11748"},{"embeddable":true,"href":"https:\/\/www.klima-allianz.ch\/fr\/wp-json\/wp\/v2\/dokumente\/12466"},{"embeddable":true,"href":"https:\/\/www.klima-allianz.ch\/fr\/wp-json\/wp\/v2\/dokumente\/13366"},{"embeddable":true,"href":"https:\/\/www.klima-allianz.ch\/fr\/wp-json\/wp\/v2\/dokumente\/10974"},{"embeddable":true,"href":"https:\/\/www.klima-allianz.ch\/fr\/wp-json\/wp\/v2\/dokumente\/11312"},{"embeddable":true,"href":"https:\/\/www.klima-allianz.ch\/fr\/wp-json\/wp\/v2\/dokumente\/14001"},{"embeddable":true,"href":"https:\/\/www.klima-allianz.ch\/fr\/wp-json\/wp\/v2\/dokumente\/13793"},{"embeddable":true,"href":"https:\/\/www.klima-allianz.ch\/fr\/wp-json\/wp\/v2\/dokumente\/11332"},{"embeddable":true,"href":"https:\/\/www.klima-allianz.ch\/fr\/wp-json\/wp\/v2\/dokumente\/14527"},{"embeddable":true,"href":"https:\/\/www.klima-allianz.ch\/fr\/wp-json\/wp\/v2\/dokumente\/14709"},{"embeddable":true,"href":"https:\/\/www.klima-allianz.ch\/fr\/wp-json\/wp\/v2\/dokumente\/11356"}],"wp:attachment":[{"href":"https:\/\/www.klima-allianz.ch\/fr\/wp-json\/wp\/v2\/media?parent=3373"}],"curies":[{"name":"wp","href":"https:\/\/api.w.org\/{rel}","templated":true}]}}